{"id":1044,"date":"2018-05-29T20:41:53","date_gmt":"2018-05-29T20:41:53","guid":{"rendered":"https:\/\/2018miditech.dcs201603.webpresenter.de\/?page_id=1044"},"modified":"2021-04-24T19:58:00","modified_gmt":"2021-04-24T17:58:00","slug":"imprint","status":"publish","type":"page","link":"https:\/\/miditech.de\/en\/imprint\/","title":{"rendered":"Imprint"},"content":{"rendered":"<p>MIDITECH GmbH<br \/>\nMax-Planck-Str.35<br \/>\n50858 Cologne \/ Germany<\/p>\n<p>International Business &amp; Worldwide Export<br \/>\nE-Mail: info@miditech.de<br \/>\nInternet: www.miditech.de<br \/>\nManager: Costa Nao\u00fam<\/p>\n<p>Bitte beachten Sie unsere Hinweise zu Links auf miditech international.<\/p>\n<p>\u00c4nderungen der technischen Daten und des Designs sind m\u00f6glich &#8211; F\u00fcr Druckfehler und inhaltliche Fehler wird keine Haftung oder Garantie \u00fcbernommen<\/p>\n<p>Changes of the technical data and the design are possible &#8211; No liability is assumed for misprints and mistakes<\/p>\n<p>ASIO is a registered trademark of Steinberg Media Technologies GmbH<\/p>\n","protected":false},"excerpt":{"rendered":"<p>MIDITECH GmbH Max-Planck-Str.35 50858 Cologne \/ Germany International Business &amp; Worldwide Export E-Mail: info@miditech.de Internet: www.miditech.de Manager: Costa Nao\u00fam Bitte beachten Sie unsere Hinweise zu Links auf miditech international. \u00c4nderungen der technischen Daten und des Designs sind m\u00f6glich &#8211; F\u00fcr &hellip; <a href=\"https:\/\/miditech.de\/en\/imprint\/\">Continued<\/a><\/p>\n","protected":false},"author":2,"featured_media":0,"parent":0,"menu_order":0,"comment_status":"closed","ping_status":"closed","template":"page-fullwidth.php","meta":{"footnotes":""},"class_list":["post-1044","page","type-page","status-publish","hentry"],"yoast_head":"<!-- This site is optimized with the Yoast SEO plugin v27.4 - https:\/\/yoast.com\/product\/yoast-seo-wordpress\/ -->\n<title>Imprint - Miditech<\/title>\n<meta name=\"robots\" content=\"index, follow, max-snippet:-1, max-image-preview:large, max-video-preview:-1\" \/>\n<link rel=\"canonical\" href=\"https:\/\/miditech.de\/en\/imprint\/\" \/>\n<meta property=\"og:locale\" content=\"en_US\" \/>\n<meta property=\"og:type\" content=\"article\" \/>\n<meta property=\"og:title\" content=\"Imprint - Miditech\" \/>\n<meta property=\"og:description\" content=\"MIDITECH GmbH Max-Planck-Str.35 50858 Cologne \/ Germany International Business &amp; Worldwide Export E-Mail: info@miditech.de Internet: www.miditech.de Manager: Costa Nao\u00fam Bitte beachten Sie unsere Hinweise zu Links auf miditech international. \u00c4nderungen der technischen Daten und des Designs sind m\u00f6glich &#8211; F\u00fcr &hellip; Continued\" \/>\n<meta property=\"og:url\" content=\"https:\/\/miditech.de\/en\/imprint\/\" \/>\n<meta property=\"og:site_name\" content=\"Miditech\" \/>\n<meta property=\"article:modified_time\" content=\"2021-04-24T17:58:00+00:00\" \/>\n<meta name=\"twitter:card\" content=\"summary_large_image\" \/>\n<meta name=\"twitter:label1\" content=\"Est. reading time\" \/>\n\t<meta name=\"twitter:data1\" content=\"1 minute\" \/>\n<script type=\"application\/ld+json\" class=\"yoast-schema-graph\">{\"@context\":\"https:\\\/\\\/schema.org\",\"@graph\":[{\"@type\":\"WebPage\",\"@id\":\"https:\\\/\\\/miditech.de\\\/en\\\/imprint\\\/\",\"url\":\"https:\\\/\\\/miditech.de\\\/en\\\/imprint\\\/\",\"name\":\"Imprint - Miditech\",\"isPartOf\":{\"@id\":\"https:\\\/\\\/miditech.de\\\/#website\"},\"datePublished\":\"2018-05-29T20:41:53+00:00\",\"dateModified\":\"2021-04-24T17:58:00+00:00\",\"breadcrumb\":{\"@id\":\"https:\\\/\\\/miditech.de\\\/en\\\/imprint\\\/#breadcrumb\"},\"inLanguage\":\"en-US\",\"potentialAction\":[{\"@type\":\"ReadAction\",\"target\":[\"https:\\\/\\\/miditech.de\\\/en\\\/imprint\\\/\"]}]},{\"@type\":\"BreadcrumbList\",\"@id\":\"https:\\\/\\\/miditech.de\\\/en\\\/imprint\\\/#breadcrumb\",\"itemListElement\":[{\"@type\":\"ListItem\",\"position\":1,\"name\":\"Home\",\"item\":\"https:\\\/\\\/miditech.de\\\/en\\\/\"},{\"@type\":\"ListItem\",\"position\":2,\"name\":\"Imprint\"}]},{\"@type\":\"WebSite\",\"@id\":\"https:\\\/\\\/miditech.de\\\/#website\",\"url\":\"https:\\\/\\\/miditech.de\\\/\",\"name\":\"Miditech\",\"description\":\"\",\"potentialAction\":[{\"@type\":\"SearchAction\",\"target\":{\"@type\":\"EntryPoint\",\"urlTemplate\":\"https:\\\/\\\/miditech.de\\\/?s={search_term_string}\"},\"query-input\":{\"@type\":\"PropertyValueSpecification\",\"valueRequired\":true,\"valueName\":\"search_term_string\"}}],\"inLanguage\":\"en-US\"}]}<\/script>\n<!-- \/ Yoast SEO plugin. -->","yoast_head_json":{"title":"Imprint - Miditech","robots":{"index":"index","follow":"follow","max-snippet":"max-snippet:-1","max-image-preview":"max-image-preview:large","max-video-preview":"max-video-preview:-1"},"canonical":"https:\/\/miditech.de\/en\/imprint\/","og_locale":"en_US","og_type":"article","og_title":"Imprint - Miditech","og_description":"MIDITECH GmbH Max-Planck-Str.35 50858 Cologne \/ Germany International Business &amp; Worldwide Export E-Mail: info@miditech.de Internet: www.miditech.de Manager: Costa Nao\u00fam Bitte beachten Sie unsere Hinweise zu Links auf miditech international. \u00c4nderungen der technischen Daten und des Designs sind m\u00f6glich &#8211; F\u00fcr &hellip; Continued","og_url":"https:\/\/miditech.de\/en\/imprint\/","og_site_name":"Miditech","article_modified_time":"2021-04-24T17:58:00+00:00","twitter_card":"summary_large_image","twitter_misc":{"Est. reading time":"1 minute"},"schema":{"@context":"https:\/\/schema.org","@graph":[{"@type":"WebPage","@id":"https:\/\/miditech.de\/en\/imprint\/","url":"https:\/\/miditech.de\/en\/imprint\/","name":"Imprint - Miditech","isPartOf":{"@id":"https:\/\/miditech.de\/#website"},"datePublished":"2018-05-29T20:41:53+00:00","dateModified":"2021-04-24T17:58:00+00:00","breadcrumb":{"@id":"https:\/\/miditech.de\/en\/imprint\/#breadcrumb"},"inLanguage":"en-US","potentialAction":[{"@type":"ReadAction","target":["https:\/\/miditech.de\/en\/imprint\/"]}]},{"@type":"BreadcrumbList","@id":"https:\/\/miditech.de\/en\/imprint\/#breadcrumb","itemListElement":[{"@type":"ListItem","position":1,"name":"Home","item":"https:\/\/miditech.de\/en\/"},{"@type":"ListItem","position":2,"name":"Imprint"}]},{"@type":"WebSite","@id":"https:\/\/miditech.de\/#website","url":"https:\/\/miditech.de\/","name":"Miditech","description":"","potentialAction":[{"@type":"SearchAction","target":{"@type":"EntryPoint","urlTemplate":"https:\/\/miditech.de\/?s={search_term_string}"},"query-input":{"@type":"PropertyValueSpecification","valueRequired":true,"valueName":"search_term_string"}}],"inLanguage":"en-US"}]}},"_links":{"self":[{"href":"https:\/\/miditech.de\/en\/wp-json\/wp\/v2\/pages\/1044","targetHints":{"allow":["GET"]}}],"collection":[{"href":"https:\/\/miditech.de\/en\/wp-json\/wp\/v2\/pages"}],"about":[{"href":"https:\/\/miditech.de\/en\/wp-json\/wp\/v2\/types\/page"}],"author":[{"embeddable":true,"href":"https:\/\/miditech.de\/en\/wp-json\/wp\/v2\/users\/2"}],"replies":[{"embeddable":true,"href":"https:\/\/miditech.de\/en\/wp-json\/wp\/v2\/comments?post=1044"}],"version-history":[{"count":2,"href":"https:\/\/miditech.de\/en\/wp-json\/wp\/v2\/pages\/1044\/revisions"}],"predecessor-version":[{"id":2016,"href":"https:\/\/miditech.de\/en\/wp-json\/wp\/v2\/pages\/1044\/revisions\/2016"}],"wp:attachment":[{"href":"https:\/\/miditech.de\/en\/wp-json\/wp\/v2\/media?parent=1044"}],"curies":[{"name":"wp","href":"https:\/\/api.w.org\/{rel}","templated":true}]}}